{"id":1220,"date":"2021-04-18T12:30:22","date_gmt":"2021-04-18T10:30:22","guid":{"rendered":"http:\/\/basket-kort.dk\/?page_id=1220"},"modified":"2021-07-20T23:26:06","modified_gmt":"2021-07-20T21:26:06","slug":"one-touch-guide","status":"publish","type":"page","link":"https:\/\/basket-kort.dk\/index.php\/one-touch-guide\/","title":{"rendered":"One Touch Guide"},"content":{"rendered":"\n<p>Skrevet d.18.04.2021<\/p>\n\n\n\n<p>Jeg har pr\u00f8vet at lave en nem og overskuelig guide over hvilke g\u00e6ngse typer One Touch der er, samt hvad man &#8220;plejer&#8221; at bruge til sine kort.<\/p>\n\n\n\n<p>BCW skabelon kan hentes gratis ved at klikke <a href=\"http:\/\/basket-kort.dk\/wp-content\/uploads\/2021\/04\/BCW-Card-Gauge.pdf\">HER<\/a>.<\/p>\n\n\n\n<p>Jeg har printet disse sm\u00e5 m\u00e5le kort ud p\u00e5 180gram Karton og klippet til.<\/p>\n\n\n\n<p>Jeg kan sende et kort printet ud p\u00e5 karton m. postnord til 16kr\/stk incl. fragt..<\/p>\n\n\n\n<figure class=\"wp-block-embed is-type-video is-provider-youtube wp-block-embed-youtube wp-embed-aspect-16-9 wp-has-aspect-ratio\"><div class=\"wp-block-embed__wrapper\">\n<iframe title=\"Basket-kort.dk - One Touch guide\" width=\"500\" height=\"281\" src=\"https:\/\/www.youtube.com\/embed\/aaGE9UZk78I?feature=oembed\" frameborder=\"0\" allow=\"accelerometer; autoplay; clipboard-write; encrypted-media; gyroscope; picture-in-picture; web-share\" referrerpolicy=\"strict-origin-when-cross-origin\" allowfullscreen><\/iframe>\n<\/div><\/figure>\n","protected":false},"excerpt":{"rendered":"<p>Skrevet d.18.04.2021 Jeg har pr\u00f8vet at lave en nem og overskuelig guide over hvilke g\u00e6ngse typer One Touch der er, samt hvad man &#8220;plejer&#8221; at bruge til sine kort. BCW skabelon kan hentes gratis ved at klikke HER. Jeg har printet disse sm\u00e5 m\u00e5le kort ud p\u00e5 180gram Karton og klippet til. Jeg kan sende et kort printet ud p\u00e5 karton m. postnord til 16kr\/stk incl. fragt..<\/p>\n","protected":false},"author":1,"featured_media":0,"parent":0,"menu_order":0,"comment_status":"closed","ping_status":"closed","template":"template-parts\/page-template-full-width.php","meta":{"footnotes":""},"class_list":["post-1220","page","type-page","status-publish","hentry"],"_links":{"self":[{"href":"https:\/\/basket-kort.dk\/index.php\/wp-json\/wp\/v2\/pages\/1220","targetHints":{"allow":["GET"]}}],"collection":[{"href":"https:\/\/basket-kort.dk\/index.php\/wp-json\/wp\/v2\/pages"}],"about":[{"href":"https:\/\/basket-kort.dk\/index.php\/wp-json\/wp\/v2\/types\/page"}],"author":[{"embeddable":true,"href":"https:\/\/basket-kort.dk\/index.php\/wp-json\/wp\/v2\/users\/1"}],"replies":[{"embeddable":true,"href":"https:\/\/basket-kort.dk\/index.php\/wp-json\/wp\/v2\/comments?post=1220"}],"version-history":[{"count":1,"href":"https:\/\/basket-kort.dk\/index.php\/wp-json\/wp\/v2\/pages\/1220\/revisions"}],"predecessor-version":[{"id":1222,"href":"https:\/\/basket-kort.dk\/index.php\/wp-json\/wp\/v2\/pages\/1220\/revisions\/1222"}],"wp:attachment":[{"href":"https:\/\/basket-kort.dk\/index.php\/wp-json\/wp\/v2\/media?parent=1220"}],"curies":[{"name":"wp","href":"https:\/\/api.w.org\/{rel}","templated":true}]}}