{"id":1362,"date":"2021-07-20T23:57:21","date_gmt":"2021-07-20T21:57:21","guid":{"rendered":"http:\/\/basket-kort.dk\/?page_id=1362"},"modified":"2023-01-14T08:58:09","modified_gmt":"2023-01-14T07:58:09","slug":"mikael-b-project-70-2021","status":"publish","type":"page","link":"https:\/\/basket-kort.dk\/index.php\/mikael-b-project-70-2021\/","title":{"rendered":"Mikael b. Project 70 2021"},"content":{"rendered":"\n<figure class=\"wp-block-image size-large\"><img fetchpriority=\"high\" decoding=\"async\" width=\"819\" height=\"1024\" src=\"http:\/\/basket-kort.dk\/wp-content\/uploads\/2022\/03\/275500897_634605907643592_6386757915344006325_n-819x1024.jpg\" alt=\"\" class=\"wp-image-2435\" srcset=\"https:\/\/basket-kort.dk\/wp-content\/uploads\/2022\/03\/275500897_634605907643592_6386757915344006325_n-819x1024.jpg 819w, https:\/\/basket-kort.dk\/wp-content\/uploads\/2022\/03\/275500897_634605907643592_6386757915344006325_n-240x300.jpg 240w, https:\/\/basket-kort.dk\/wp-content\/uploads\/2022\/03\/275500897_634605907643592_6386757915344006325_n-768x960.jpg 768w, https:\/\/basket-kort.dk\/wp-content\/uploads\/2022\/03\/275500897_634605907643592_6386757915344006325_n.jpg 1080w\" sizes=\"(max-width: 819px) 100vw, 819px\" \/><\/figure>\n\n\n\n<p>Topps fejrer 70 \u00e5r med baseballkort med et nyt program, bedre kendt som Project70, der skubber gr\u00e6nser.<\/p>\n\n\n\n<p>Mikael b vil, sammen med kunstnere fra hele verden, gense og genopleve 70 \u00e5r med ikoniske baseball-kortdesign ved at v\u00e6lge sine egne MLB-spillere og Topps-design for at skabe en unik historie og skabe et komplet s\u00e6t p\u00e5 20 nye kort.<\/p>\n\n\n\n<p><\/p>\n\n\n\n<p>Grunden til jeg har valgt at samle p\u00e5 disse 20 unikke kort, er fordi Mikael b. er dansk og en fremragende kunster.<\/p>\n\n\n\n<p><strong>Kort fakta:<\/strong> D.5 Marts 2021 udkom det f\u00f8rste kort, hvorefter de resterende kort udkommer med ca. 1 m\u00e5neds interval. &#8211; D.29.03.2022 kom sidste kort nr.20 hjem til mig i Danmark. \ud83d\ude42<\/p>\n\n\n\n<p>N\u00e5r et kort udkommer, har man pr\u00e6cis 72 timer til at k\u00f8be det enkelte kort, hvilket g\u00f8r kortene udnikke og printruns er forskellige.<\/p>\n\n\n\n<p><em>Printruns er det antal som er k\u00f8bt af hvert enkelt kort. &#8211; F.eks. det f\u00f8rste kort nr.1 ud af 20 m. Clayton er der kun printet 2548 stk i alt i hele verden.<\/em><\/p>\n\n\n\n<p><a href=\"http:\/\/basket-kort.dk\/index.php\/2021\/03\/30\/basket-kort-dk-project-70-2021-mikael-b-rainbow-nr-03-70\/\">Kort 1\/20 1982 Clayton Kershaw<\/a><br><a href=\"http:\/\/basket-kort.dk\/index.php\/2021\/04\/30\/basket-kort-dk-project-70-2021-mikael-b-rainbow-nr-42-70-kort-2-20\/\">Kort 2\/20 1973 Ichiro Suzuki<\/a><br><a href=\"http:\/\/basket-kort.dk\/index.php\/2021\/05\/12\/basket-kort-dk-project-70-2021-mikael-b-kort-3-20\/\">Kort 3\/20 1999 Robin Yount<\/a><br><a href=\"http:\/\/basket-kort.dk\/index.php\/2021\/06\/02\/basket-kort-dk-project-70-2021-mikael-b-kort-4-20\/\">Kort 4\/20 1956 Mariano Rivera<\/a><br><a href=\"http:\/\/basket-kort.dk\/index.php\/2021\/06\/20\/basket-kort-dk-project-70-2021-mikael-b-kort-5-20\/\">Kort 5\/20 1967 Ken Griffey Jr.<\/a><br><a href=\"http:\/\/basket-kort.dk\/index.php\/2021\/07\/13\/basket-kort-dk-project-70-2021-mikael-b-kort-6-20\/\">Kort 6\/20 1982 Nolan Ryan<\/a><br><a href=\"http:\/\/basket-kort.dk\/index.php\/2021\/08\/27\/basket-kort-dk-project-70-2021-mikael-b-kort-7-20\/\">Kort 7\/20 1990 Mickey Mantle<\/a><br><a href=\"http:\/\/basket-kort.dk\/index.php\/2021\/09\/17\/basket-kort-dk-project-70-2021-mikael-b-kort-8-20-trak-rainbow-40-70\/\">Kort 8\/20 1960 Mookie Betts<\/a><br><a href=\"http:\/\/basket-kort.dk\/index.php\/2021\/09\/14\/basket-kort-dk-project-70-2021-mikael-b-kort-9-20\/\">Kort 9\/20 1952 Derek Jeter<\/a><br> <a href=\"http:\/\/basket-kort.dk\/index.php\/2021\/11\/22\/basket-kort-dk-project-70-2021-mikael-b-kort-10-20\/\">Kort 10\/20 1999 Wade Boggs<\/a> <br> <a href=\"http:\/\/basket-kort.dk\/index.php\/2021\/10\/01\/basket-kort-dk-project-70-2021-mikael-b-kort-11-20\/\">Kort 11\/20 1986 Fernando Tatis Jr.<\/a> <br> <a href=\"http:\/\/basket-kort.dk\/index.php\/2021\/10\/22\/basket-kort-dk-project-70-2021-mikael-b-kort-12-20\/\">Kort 12\/20 2001 Babe Ruth<\/a> <br> <a href=\"http:\/\/basket-kort.dk\/index.php\/2021\/11\/02\/basket-kort-dk-project-70-2021-mikael-b-kort-13-20\/\">Kort 13\/20 2004 Ronald Acuna Jr.<\/a> <br> <a href=\"http:\/\/basket-kort.dk\/index.php\/2021\/11\/11\/basket-kort-dk-project-70-2021-mikael-b-kort-14-20\/\">Kort 14\/20 1969 Shohei Ohtani<\/a> <br> <a href=\"http:\/\/basket-kort.dk\/index.php\/2021\/12\/09\/basket-kort-dk-project-70-2021-mikael-b-kort-15-20\/\">Kort 15\/20 2016 Bo Jackson<\/a> <br> <a href=\"http:\/\/basket-kort.dk\/index.php\/2021\/12\/31\/basket-kort-dk-project-70-2021-mikael-b-kort-16-20\/\">Kort 16\/20 1975 Vladimir Guerrero Jr<\/a> <br> <a href=\"http:\/\/basket-kort.dk\/index.php\/2022\/01\/06\/basket-kort-dk-project-70-2021-mikael-b-kort-17-20\/\">Kort 17\/20 1995 Mike Trout<\/a> <br> <a href=\"http:\/\/basket-kort.dk\/index.php\/2022\/01\/27\/basket-kort-dk-project-70-2021-mikael-b-kort-18-20\/\">Kort 18\/20 2021 Tony Gwynn<\/a> <br> <a href=\"http:\/\/basket-kort.dk\/index.php\/2022\/02\/15\/basket-kort-dk-project-70-2021-mikael-b-kort-19-20\/\">Kort 19\/20 1961 Juan Soto<\/a> <br> <a href=\"http:\/\/basket-kort.dk\/index.php\/2022\/03\/29\/basket-kort-dk-project-70-2021-mikael-b-kort-20-20-folie-kort-trukket-her-allersidste-gang\/\">Kort 20\/20 2010 Aaron Judge<\/a><\/p>\n\n\n\n<p>Her vises 7 stk folie kort jeg har trukket i de 20 pakker fra Mikael b.<\/p>\n\n\n\n<figure class=\"wp-block-embed is-type-video is-provider-youtube wp-block-embed-youtube wp-embed-aspect-16-9 wp-has-aspect-ratio\"><div class=\"wp-block-embed__wrapper\">\n<iframe title=\"Basket-kort.dk - Project 70 - 2021 - Mikael B. 7 Folie kort i alt.\" width=\"500\" height=\"281\" src=\"https:\/\/www.youtube.com\/embed\/8fa84qZTiuU?feature=oembed\" frameborder=\"0\" allow=\"accelerometer; autoplay; clipboard-write; encrypted-media; gyroscope; picture-in-picture; web-share\" referrerpolicy=\"strict-origin-when-cross-origin\" allowfullscreen><\/iframe>\n<\/div><\/figure>\n\n\n\n<p><div class=\"row\"><\/div>  \n\t\t<div class=\"most_video\">\n\t\t\t<div class=\"most_video_bg\">\n\t\t\t\t<div class=\"video-title-desc\">\n\t\t\t\t\t<h3>1982 Clayton Kershaw<\/h3>\n\t\t\t\t\t<p>Kort 1\/20<\/p>\n\t\t\t\t\t<a href=\"\" class=\"youtube-link\" youtubeid=\"pi8RpZMtyxs\"><i class=\"fas fa-caret-right\"><\/i><\/a>\n\t\t\t\t<\/div>\n\t\t\t   <img decoding=\"async\" src=\"http:\/\/basket-kort.dk\/wp-content\/uploads\/2021\/09\/Mikael-b-kort-1.jpg\"  alt=\"\" \/>\n\t\t\t<\/div>\n\t\t<\/div>  \n\t\t<div class=\"most_video\">\n\t\t\t<div class=\"most_video_bg\">\n\t\t\t\t<div class=\"video-title-desc\">\n\t\t\t\t\t<h3>1973 Ichiro Suzuki<\/h3>\n\t\t\t\t\t<p>Kort 2\/20<\/p>\n\t\t\t\t\t<a href=\"\" class=\"youtube-link\" youtubeid=\"lYGQE-Z7B0I\"><i class=\"fas fa-caret-right\"><\/i><\/a>\n\t\t\t\t<\/div>\n\t\t\t   <img decoding=\"async\" src=\"http:\/\/basket-kort.dk\/wp-content\/uploads\/2021\/09\/Mikael-b-kort-2.jpg\"  alt=\"\" \/>\n\t\t\t<\/div>\n\t\t<\/div>  \n\t\t<div class=\"most_video\">\n\t\t\t<div class=\"most_video_bg\">\n\t\t\t\t<div class=\"video-title-desc\">\n\t\t\t\t\t<h3>1999 Robin Yount<\/h3>\n\t\t\t\t\t<p>Kort 3\/20<\/p>\n\t\t\t\t\t<a href=\"\" class=\"youtube-link\" youtubeid=\"ZQPrekJvb9Y\"><i class=\"fas fa-caret-right\"><\/i><\/a>\n\t\t\t\t<\/div>\n\t\t\t   <img decoding=\"async\" src=\"http:\/\/basket-kort.dk\/wp-content\/uploads\/2021\/09\/Mikael-b-kort-3.jpg\"  alt=\"\" \/>\n\t\t\t<\/div>\n\t\t<\/div>  \n\t\t<div class=\"most_video\">\n\t\t\t<div class=\"most_video_bg\">\n\t\t\t\t<div class=\"video-title-desc\">\n\t\t\t\t\t<h3>1956 Mariano Rivera<\/h3>\n\t\t\t\t\t<p>Kort 4\/20<\/p>\n\t\t\t\t\t<a href=\"\" class=\"youtube-link\" youtubeid=\"425Jrmn-fTg\"><i class=\"fas fa-caret-right\"><\/i><\/a>\n\t\t\t\t<\/div>\n\t\t\t   <img decoding=\"async\" src=\"http:\/\/basket-kort.dk\/wp-content\/uploads\/2021\/09\/Mikael-b-kort-4.jpg\"  alt=\"\" \/>\n\t\t\t<\/div>\n\t\t<\/div>  \n\t\t<div class=\"most_video\">\n\t\t\t<div class=\"most_video_bg\">\n\t\t\t\t<div class=\"video-title-desc\">\n\t\t\t\t\t<h3>1967 Ken Griffey Jr.<\/h3>\n\t\t\t\t\t<p>Kort 5\/20<\/p>\n\t\t\t\t\t<a href=\"\" class=\"youtube-link\" youtubeid=\"jfOPvO6XqA4\"><i class=\"fas fa-caret-right\"><\/i><\/a>\n\t\t\t\t<\/div>\n\t\t\t   <img decoding=\"async\" src=\"http:\/\/basket-kort.dk\/wp-content\/uploads\/2021\/09\/Mikael-b-kort-5.jpg\"  alt=\"\" \/>\n\t\t\t<\/div>\n\t\t<\/div>  \n\t\t<div class=\"most_video\">\n\t\t\t<div class=\"most_video_bg\">\n\t\t\t\t<div class=\"video-title-desc\">\n\t\t\t\t\t<h3>1982 Nolan Ryan<\/h3>\n\t\t\t\t\t<p>Kort 6\/20<\/p>\n\t\t\t\t\t<a href=\"\" class=\"youtube-link\" youtubeid=\"OeMRmhCmGJE\"><i class=\"fas fa-caret-right\"><\/i><\/a>\n\t\t\t\t<\/div>\n\t\t\t   <img decoding=\"async\" src=\"http:\/\/basket-kort.dk\/wp-content\/uploads\/2021\/09\/Mikael-b-kort-6.jpg\"  alt=\"\" \/>\n\t\t\t<\/div>\n\t\t<\/div>   \n\t\t<div class=\"most_video\">\n\t\t\t<div class=\"most_video_bg\">\n\t\t\t\t<div class=\"video-title-desc\">\n\t\t\t\t\t<h3>1990 Mickey Mantle<\/h3>\n\t\t\t\t\t<p>Kort 7\/20<\/p>\n\t\t\t\t\t<a href=\"\" class=\"youtube-link\" youtubeid=\"UAL9hjhdPX0\"><i class=\"fas fa-caret-right\"><\/i><\/a>\n\t\t\t\t<\/div>\n\t\t\t   <img decoding=\"async\" src=\"http:\/\/basket-kort.dk\/wp-content\/uploads\/2021\/09\/Mikael-b-kort-7.jpg\"  alt=\"\" \/>\n\t\t\t<\/div>\n\t\t<\/div> \n\t\t<div class=\"most_video\">\n\t\t\t<div class=\"most_video_bg\">\n\t\t\t\t<div class=\"video-title-desc\">\n\t\t\t\t\t<h3>1960 Mookie Betts<\/h3>\n\t\t\t\t\t<p>Kort 8\/20<\/p>\n\t\t\t\t\t<a href=\"\" class=\"youtube-link\" youtubeid=\"QBMv-OMMIyA\"><i class=\"fas fa-caret-right\"><\/i><\/a>\n\t\t\t\t<\/div>\n\t\t\t   <img decoding=\"async\" src=\"http:\/\/basket-kort.dk\/wp-content\/uploads\/2021\/09\/mookie-lille.jpg\"  alt=\"\" \/>\n\t\t\t<\/div>\n\t\t<\/div> \n\t\t<div class=\"most_video\">\n\t\t\t<div class=\"most_video_bg\">\n\t\t\t\t<div class=\"video-title-desc\">\n\t\t\t\t\t<h3>1952 Derek Jeter<\/h3>\n\t\t\t\t\t<p>Kort 9\/20<\/p>\n\t\t\t\t\t<a href=\"\" class=\"youtube-link\" youtubeid=\"PAqjsTiYHQw\"><i class=\"fas fa-caret-right\"><\/i><\/a>\n\t\t\t\t<\/div>\n\t\t\t   <img decoding=\"async\" src=\"http:\/\/basket-kort.dk\/wp-content\/uploads\/2021\/09\/derek.jpg\"  alt=\"\" \/>\n\t\t\t<\/div>\n\t\t<\/div> \n\t\t<div class=\"most_video\">\n\t\t\t<div class=\"most_video_bg\">\n\t\t\t\t<div class=\"video-title-desc\">\n\t\t\t\t\t<h3>1999 Wade Boggs <\/h3>\n\t\t\t\t\t<p>Kort 10\/20<\/p>\n\t\t\t\t\t<a href=\"\" class=\"youtube-link\" youtubeid=\"4ZemQmfq8po\"><i class=\"fas fa-caret-right\"><\/i><\/a>\n\t\t\t\t<\/div>\n\t\t\t   <img decoding=\"async\" src=\"http:\/\/basket-kort.dk\/wp-content\/uploads\/2021\/11\/wade-kort.jpg\"  alt=\"\" \/>\n\t\t\t<\/div>\n\t\t<\/div> \n\t\t<div class=\"most_video\">\n\t\t\t<div class=\"most_video_bg\">\n\t\t\t\t<div class=\"video-title-desc\">\n\t\t\t\t\t<h3>1986 Fernando Tatis Jr.<\/h3>\n\t\t\t\t\t<p>Kort 11\/20<\/p>\n\t\t\t\t\t<a href=\"\" class=\"youtube-link\" youtubeid=\"n4eNjXd0TD4\"><i class=\"fas fa-caret-right\"><\/i><\/a>\n\t\t\t\t<\/div>\n\t\t\t   <img decoding=\"async\" src=\"http:\/\/basket-kort.dk\/wp-content\/uploads\/2021\/10\/fernando-kort.jpg\"  alt=\"\" \/>\n\t\t\t<\/div>\n\t\t<\/div> \n\t\t<div class=\"most_video\">\n\t\t\t<div class=\"most_video_bg\">\n\t\t\t\t<div class=\"video-title-desc\">\n\t\t\t\t\t<h3>2001 Babe Ruth<\/h3>\n\t\t\t\t\t<p>Kort 12\/20<\/p>\n\t\t\t\t\t<a href=\"\" class=\"youtube-link\" youtubeid=\"nze4dvm89SM\"><i class=\"fas fa-caret-right\"><\/i><\/a>\n\t\t\t\t<\/div>\n\t\t\t   <img decoding=\"async\" src=\"http:\/\/basket-kort.dk\/wp-content\/uploads\/2021\/10\/babe-ruth-kort.jpg\"  alt=\"\" \/>\n\t\t\t<\/div>\n\t\t<\/div> \n\t\t<div class=\"most_video\">\n\t\t\t<div class=\"most_video_bg\">\n\t\t\t\t<div class=\"video-title-desc\">\n\t\t\t\t\t<h3>2004 Ronald Acuna Jr.<\/h3>\n\t\t\t\t\t<p>Kort 13\/20<\/p>\n\t\t\t\t\t<a href=\"\" class=\"youtube-link\" youtubeid=\"YSYzXBx3xCI\"><i class=\"fas fa-caret-right\"><\/i><\/a>\n\t\t\t\t<\/div>\n\t\t\t   <img decoding=\"async\" src=\"http:\/\/basket-kort.dk\/wp-content\/uploads\/2021\/11\/ronald-acuna-kort.jpg\"  alt=\"\" \/>\n\t\t\t<\/div>\n\t\t<\/div> \n\t\t<div class=\"most_video\">\n\t\t\t<div class=\"most_video_bg\">\n\t\t\t\t<div class=\"video-title-desc\">\n\t\t\t\t\t<h3>1969 Shohei Ohtani<\/h3>\n\t\t\t\t\t<p>Kort 14\/20<\/p>\n\t\t\t\t\t<a href=\"\" class=\"youtube-link\" youtubeid=\"9MwrXEWaFBM\"><i class=\"fas fa-caret-right\"><\/i><\/a>\n\t\t\t\t<\/div>\n\t\t\t   <img decoding=\"async\" src=\"http:\/\/basket-kort.dk\/wp-content\/uploads\/2021\/11\/shoei-ohtan-kort.jpg\"  alt=\"\" \/>\n\t\t\t<\/div>\n\t\t<\/div> \n\t\t<div class=\"most_video\">\n\t\t\t<div class=\"most_video_bg\">\n\t\t\t\t<div class=\"video-title-desc\">\n\t\t\t\t\t<h3>2016 Bo Jackson<\/h3>\n\t\t\t\t\t<p>Kort 15\/20<\/p>\n\t\t\t\t\t<a href=\"\" class=\"youtube-link\" youtubeid=\"LW222hlAVLI\"><i class=\"fas fa-caret-right\"><\/i><\/a>\n\t\t\t\t<\/div>\n\t\t\t   <img decoding=\"async\" src=\"http:\/\/basket-kort.dk\/wp-content\/uploads\/2021\/12\/bo-jackson-kort.jpg\"  alt=\"\" \/>\n\t\t\t<\/div>\n\t\t<\/div> \n\t\t<div class=\"most_video\">\n\t\t\t<div class=\"most_video_bg\">\n\t\t\t\t<div class=\"video-title-desc\">\n\t\t\t\t\t<h3>1975 Vladimir Guerrero Jr<\/h3>\n\t\t\t\t\t<p>Kort 16\/20<\/p>\n\t\t\t\t\t<a href=\"\" class=\"youtube-link\" youtubeid=\"tnpN8VONVV4\"><i class=\"fas fa-caret-right\"><\/i><\/a>\n\t\t\t\t<\/div>\n\t\t\t   <img decoding=\"async\" src=\"http:\/\/basket-kort.dk\/wp-content\/uploads\/2022\/01\/Vladimir-kort.jpg\"  alt=\"\" \/>\n\t\t\t<\/div>\n\t\t<\/div> \n\t\t<div class=\"most_video\">\n\t\t\t<div class=\"most_video_bg\">\n\t\t\t\t<div class=\"video-title-desc\">\n\t\t\t\t\t<h3>1995 Mike Trout<\/h3>\n\t\t\t\t\t<p>Kort 17\/20<\/p>\n\t\t\t\t\t<a href=\"\" class=\"youtube-link\" youtubeid=\"e0hPgH4ZRTk\"><i class=\"fas fa-caret-right\"><\/i><\/a>\n\t\t\t\t<\/div>\n\t\t\t   <img decoding=\"async\" src=\"http:\/\/basket-kort.dk\/wp-content\/uploads\/2022\/01\/mike.kort-17-kort.jpg\"  alt=\"\" \/>\n\t\t\t<\/div>\n\t\t<\/div> \n\t\t<div class=\"most_video\">\n\t\t\t<div class=\"most_video_bg\">\n\t\t\t\t<div class=\"video-title-desc\">\n\t\t\t\t\t<h3>2021 Tony Gwynn<\/h3>\n\t\t\t\t\t<p>Kort 18\/20<\/p>\n\t\t\t\t\t<a href=\"\" class=\"youtube-link\" youtubeid=\"VfzmWYXqAK0\"><i class=\"fas fa-caret-right\"><\/i><\/a>\n\t\t\t\t<\/div>\n\t\t\t   <img decoding=\"async\" src=\"http:\/\/basket-kort.dk\/wp-content\/uploads\/2022\/01\/Tony-g-kort.jpg\"  alt=\"\" \/>\n\t\t\t<\/div>\n\t\t<\/div> \n\t\t<div class=\"most_video\">\n\t\t\t<div class=\"most_video_bg\">\n\t\t\t\t<div class=\"video-title-desc\">\n\t\t\t\t\t<h3>1961 Juan Soto<\/h3>\n\t\t\t\t\t<p>Kort 19\/20<\/p>\n\t\t\t\t\t<a href=\"\" class=\"youtube-link\" youtubeid=\"b6WhF56EReI\"><i class=\"fas fa-caret-right\"><\/i><\/a>\n\t\t\t\t<\/div>\n\t\t\t   <img decoding=\"async\" src=\"http:\/\/basket-kort.dk\/wp-content\/uploads\/2022\/02\/juan-soto-kort.jpg\"  alt=\"\" \/>\n\t\t\t<\/div>\n\t\t<\/div> \n\t\t<div class=\"most_video\">\n\t\t\t<div class=\"most_video_bg\">\n\t\t\t\t<div class=\"video-title-desc\">\n\t\t\t\t\t<h3>2010 Aaron Judge<\/h3>\n\t\t\t\t\t<p>Kort 20\/20<\/p>\n\t\t\t\t\t<a href=\"\" class=\"youtube-link\" youtubeid=\"5h2X8g34w0Q\"><i class=\"fas fa-caret-right\"><\/i><\/a>\n\t\t\t\t<\/div>\n\t\t\t   <img decoding=\"async\" src=\"http:\/\/basket-kort.dk\/wp-content\/uploads\/2022\/03\/aaron-kortet-20.jpg\"  alt=\"\" \/>\n\t\t\t<\/div>\n\t\t<\/div> <\/p>\n\n\n\n<hr class=\"wp-block-separator has-alpha-channel-opacity\"\/>\n\n\n\n<hr class=\"wp-block-separator has-alpha-channel-opacity\"\/>\n\n\n\n<hr class=\"wp-block-separator has-alpha-channel-opacity\"\/>\n\n\n\n<p>Her vises kuffert m. plads til alle 20 kort fra Topps Project 70 &#8211; 2021 m. Mikael b.<\/p>\n\n\n\n<p>Har 6 stk kufferter i alt, hvilket svarer til 6 komplette s\u00e6t fra kunstneren Mikael b. Topps Project 70 2021.<\/p>\n\n\n\n<p>Kufferterne er st\u00f8v, vand t\u00e6tte samt der er udluftnings ventil i fronten.<\/p>\n\n\n\n<p>Udover det medf\u00f8lger der et ark papirer med info fra kort nr.1 til kort nr.20 med udgivelses datoer.<br>Samt forsiden er en l\u00e6kker oversigt m. alle Mikael b\u00b4s kort.<\/p>\n\n\n\n<figure class=\"wp-block-embed is-type-video is-provider-youtube wp-block-embed-youtube wp-embed-aspect-16-9 wp-has-aspect-ratio\"><div class=\"wp-block-embed__wrapper\">\n<iframe title=\"Basket-kort.dk - Project 70 - 2021 - Mikael B. - Kuffert m. alle 20 kort\" width=\"500\" height=\"281\" src=\"https:\/\/www.youtube.com\/embed\/k7L7R_M7dUo?feature=oembed\" frameborder=\"0\" allow=\"accelerometer; autoplay; clipboard-write; encrypted-media; gyroscope; picture-in-picture; web-share\" referrerpolicy=\"strict-origin-when-cross-origin\" allowfullscreen><\/iframe>\n<\/div><\/figure>\n","protected":false},"excerpt":{"rendered":"<p>Topps fejrer 70 \u00e5r med baseballkort med et nyt program, bedre kendt som Project70, der skubber gr\u00e6nser. Mikael b vil, sammen med kunstnere fra hele verden, gense og genopleve 70 \u00e5r med ikoniske baseball-kortdesign ved at v\u00e6lge sine egne MLB-spillere og Topps-design for at skabe en unik historie og skabe et komplet s\u00e6t p\u00e5 20 nye kort. Grunden til jeg har valgt at samle p\u00e5 disse 20 unikke kort, er fordi Mikael b. er dansk og en fremragende kunster. Kort fakta: D.5 Marts 2021 udkom det f\u00f8rste kort, hvorefter de resterende kort udkommer med ca. 1 m\u00e5neds interval. &#8211; D.29.03.2022&#8230; <\/p>\n","protected":false},"author":1,"featured_media":0,"parent":0,"menu_order":0,"comment_status":"closed","ping_status":"closed","template":"","meta":{"footnotes":""},"class_list":["post-1362","page","type-page","status-publish","hentry"],"_links":{"self":[{"href":"https:\/\/basket-kort.dk\/index.php\/wp-json\/wp\/v2\/pages\/1362","targetHints":{"allow":["GET"]}}],"collection":[{"href":"https:\/\/basket-kort.dk\/index.php\/wp-json\/wp\/v2\/pages"}],"about":[{"href":"https:\/\/basket-kort.dk\/index.php\/wp-json\/wp\/v2\/types\/page"}],"author":[{"embeddable":true,"href":"https:\/\/basket-kort.dk\/index.php\/wp-json\/wp\/v2\/users\/1"}],"replies":[{"embeddable":true,"href":"https:\/\/basket-kort.dk\/index.php\/wp-json\/wp\/v2\/comments?post=1362"}],"version-history":[{"count":84,"href":"https:\/\/basket-kort.dk\/index.php\/wp-json\/wp\/v2\/pages\/1362\/revisions"}],"predecessor-version":[{"id":3126,"href":"https:\/\/basket-kort.dk\/index.php\/wp-json\/wp\/v2\/pages\/1362\/revisions\/3126"}],"wp:attachment":[{"href":"https:\/\/basket-kort.dk\/index.php\/wp-json\/wp\/v2\/media?parent=1362"}],"curies":[{"name":"wp","href":"https:\/\/api.w.org\/{rel}","templated":true}]}}