{"id":2,"date":"2020-05-29T23:05:35","date_gmt":"2020-05-29T21:05:35","guid":{"rendered":"http:\/\/basket-kort.dk\/?page_id=2"},"modified":"2021-03-09T14:48:50","modified_gmt":"2021-03-09T13:48:50","slug":"fragt","status":"publish","type":"page","link":"https:\/\/basket-kort.dk\/index.php\/fragt\/","title":{"rendered":"Fragt"},"content":{"rendered":"\n<figure class=\"wp-block-image size-large\"><img fetchpriority=\"high\" decoding=\"async\" width=\"768\" height=\"460\" src=\"http:\/\/basket-kort.dk\/wp-content\/uploads\/2020\/05\/Hoe-een-boek-verpakken-en-v-768x460-1.jpg\" alt=\"\" class=\"wp-image-822\" srcset=\"https:\/\/basket-kort.dk\/wp-content\/uploads\/2020\/05\/Hoe-een-boek-verpakken-en-v-768x460-1.jpg 768w, https:\/\/basket-kort.dk\/wp-content\/uploads\/2020\/05\/Hoe-een-boek-verpakken-en-v-768x460-1-600x359.jpg 600w, https:\/\/basket-kort.dk\/wp-content\/uploads\/2020\/05\/Hoe-een-boek-verpakken-en-v-768x460-1-300x180.jpg 300w\" sizes=\"(max-width: 768px) 100vw, 768px\" \/><\/figure>\n\n\n\n<p>Sender altid i pap \u00e6sker med fyld i, s\u00e5 kortene er godt beskyttede og derved undg\u00e5r evt. b\u00f8jninger under transport.<\/p>\n\n\n\n<p>Alle kort er i nye sleeves, med mindre andet skrevet.<\/p>\n\n\n\n<p>Sender med enten Postnord\/GLS.<\/p>\n","protected":false},"excerpt":{"rendered":"<p>Sender altid i pap \u00e6sker med fyld i, s\u00e5 kortene er godt beskyttede og derved undg\u00e5r evt. b\u00f8jninger under transport. Alle kort er i nye sleeves, med mindre andet skrevet. Sender med enten Postnord\/GLS.<\/p>\n","protected":false},"author":1,"featured_media":0,"parent":0,"menu_order":0,"comment_status":"closed","ping_status":"open","template":"template-full-width.php","meta":{"footnotes":""},"class_list":["post-2","page","type-page","status-publish","hentry"],"_links":{"self":[{"href":"https:\/\/basket-kort.dk\/index.php\/wp-json\/wp\/v2\/pages\/2","targetHints":{"allow":["GET"]}}],"collection":[{"href":"https:\/\/basket-kort.dk\/index.php\/wp-json\/wp\/v2\/pages"}],"about":[{"href":"https:\/\/basket-kort.dk\/index.php\/wp-json\/wp\/v2\/types\/page"}],"author":[{"embeddable":true,"href":"https:\/\/basket-kort.dk\/index.php\/wp-json\/wp\/v2\/users\/1"}],"replies":[{"embeddable":true,"href":"https:\/\/basket-kort.dk\/index.php\/wp-json\/wp\/v2\/comments?post=2"}],"version-history":[{"count":4,"href":"https:\/\/basket-kort.dk\/index.php\/wp-json\/wp\/v2\/pages\/2\/revisions"}],"predecessor-version":[{"id":1180,"href":"https:\/\/basket-kort.dk\/index.php\/wp-json\/wp\/v2\/pages\/2\/revisions\/1180"}],"wp:attachment":[{"href":"https:\/\/basket-kort.dk\/index.php\/wp-json\/wp\/v2\/media?parent=2"}],"curies":[{"name":"wp","href":"https:\/\/api.w.org\/{rel}","templated":true}]}}